{"id":1072,"date":"2020-10-14T01:27:11","date_gmt":"2020-10-13T23:27:11","guid":{"rendered":"https:\/\/abundo.se\/index.php\/mesmerize\/"},"modified":"2023-06-07T00:52:01","modified_gmt":"2023-06-06T22:52:01","slug":"mesmerize","status":"publish","type":"page","link":"https:\/\/abundo.se\/en\/","title":{"rendered":"Front Page"},"content":{"rendered":"<div  data-label=\"Overlappable\" data-id=\"overlappable--3\" data-export-id=\"overlappable-4\" data-category=\"overlappable\" class=\"overlappable-4 content-section content-section-spacing\" data-overlap=\"true\" id=\"overlappable-4\" style=\"background-color: rgb(255, 255, 255);\"><div  class=\"gridContainer\"> <div  data-type=\"row\" class=\"row spaced-cols text-center\"><div  class=\"col-xs-12 col-sm-4 col-padding\"> <a data-cp-link=\"1\" href=\"https:\/\/abundo.se\/tjanster\" target=\"_self\" rel=\"noopener noreferrer\"><i  class=\"fa icon shadow-large-black aligncenter color1 fa-clone reverse round large\"><\/i><\/a> <div  data-type=\"column\" class=\"\"> <h5  class=\"\">Tj\u00e4nster<\/h5> <p  class=\"\">Vi har flera olika typer av tj\u00e4nster. Se menyn Tj\u00e4nster ovan f\u00f6r detaljer<\/p><\/div> <\/div>  <div  class=\"col-xs-12 col-sm-4 col-padding\"> <a data-cp-link=\"1\" href=\"https:\/\/abundo.se\/referenser\" target=\"_self\" rel=\"noopener noreferrer\"><i  class=\"fa icon shadow-large-black aligncenter color1 fa-magic reverse round large\"><\/i><\/a> <div  data-type=\"column\" class=\"\"><h5  class=\"\">Referenser<\/h5> <p  class=\"\">Vi har en l\u00e5ng lista p\u00e5 n\u00f6jda kunder. N\u00e5gra av dem finns samlade under referenser<\/p><\/div> <\/div><div  class=\"col-xs-12 col-sm-4 col-padding\"> <a data-cp-link=\"1\" href=\"https:\/\/abundo.se\/support\" target=\"_self\" rel=\"noopener\"><i  class=\"fa icon shadow-large-black aligncenter color1 fa-clone reverse round large\"><\/i><\/a> <div  data-type=\"column\" class=\"\"> <h5  class=\"\">Support<\/h5> <p  class=\"\">\u00c4r du existerande kund och beh\u00f6ver hj\u00e4lp. Maila eller anv\u00e4nd v\u00e5rat \u00e4rendehanteringssystem<\/p><\/div> <\/div><\/div> <\/div><\/div><div  id=\"features-10\" style=\"background-color: #f5fafd;\" data-label=\"Features\" data-id=\"features-16-card-bordered\" data-export-id=\"features-16-card-bordered\" data-category=\"features\" class=\"features-16-card-bordered content-section content-section-spacing\"><div  class=\"gridContainer\"> <div  class=\"row text-center\"><div  class=\"section-title-col\" data-type=\"column\"> <h2  class=\"\">N\u00e5gra saker vi \u00e4r bra p\u00e5<\/h2> <\/div> <\/div> <div  class=\"row spaced-cols\" data-type=\"row\"> <div  class=\"col-xs-12 col-sm-6 col-md-4\"> <div  class=\"card no-padding bordered y-move\"> <img decoding=\"async\" class=\"face\" src=\"https:\/\/abundo.se\/wp-content\/plugins\/mesmerize-companion\/theme-data\/mesmerize\/sections\/images\/computer-2569652.jpg\"\/> <div  data-type=\"column\" class=\"col-padding-small col-padding-small-xs description-container\"> <h4  class=\"font-500\">N\u00e4tverk<\/h4> <p  class=\"\">Abundo \u00e4r mycket erfarna och skickliga p\u00e5 allt som r\u00f6r n\u00e4tverk. Beroende p\u00e5 vad kunder beh\u00f6ver \u00e4r vi med i olika faser \u2013 upphandling, design, inf\u00f6rande och fels\u00f6kning\n<\/p><\/div> <div  data-type=\"column\" class=\"col-padding-small col-padding-small-xs read-more-container\"><a class=\"read-more\" href=\"https:\/\/abundo.se\/consulting\" target=\"_self\" data-cp-link=\"1\" rel=\"noopener noreferrer\">learn more<\/a><\/div> <\/div><\/div> <div  class=\"col-xs-12 col-sm-6 col-md-4\"><div  class=\"card no-padding bordered y-move\"> <img decoding=\"async\" class=\"face\" src=\"https:\/\/abundo.se\/wp-content\/plugins\/mesmerize-companion\/theme-data\/mesmerize\/sections\/images\/apple-1838564.jpg\"\/> <div  data-type=\"column\" class=\"col-padding-small col-padding-small-xs description-container\"> <h4  class=\"font-500\">DNS och DNSSEC<\/h4> <p  class=\"\">Abundo har arbetat med DNS fr\u00e5n 1995 och \u00e4r expert inom omr\u00e5det. Vi har \u00e4ven arbetat mycket med DNSSEC.&nbsp;\n<br \/><br \/>Abundo driver en state-of-the-art, prisv\u00e4rd, stabil och popul\u00e4r DNS tj\u00e4nst.<\/p><\/div> <div  data-type=\"column\" class=\"col-padding-small col-padding-small-xs read-more-container\"><a class=\"read-more\" href=\"https:\/\/abundo.se\/dns\" target=\"_self\" data-cp-link=\"1\" rel=\"noopener noreferrer\">learn more<\/a><\/div> <\/div><\/div> <div  class=\"col-xs-12 col-sm-6 col-md-4\"><div  class=\"card no-padding bordered y-move\"> <img decoding=\"async\" class=\"face\" src=\"https:\/\/abundo.se\/wp-content\/plugins\/mesmerize-companion\/theme-data\/mesmerize\/sections\/images\/laptop-2559795.jpg\"\/> <div  data-type=\"column\" class=\"col-padding-small col-padding-small-xs description-container\"> <h4  class=\"font-500\">Utveckling<\/h4> <p  class=\"\">Abundo har utvecklat m\u00e5nga olika typer av programvaror, script, integrationer och mycket mer.&nbsp;Allt fr\u00e5n l\u00e5gniv\u00e5kod i assembler till h\u00f6gniv\u00e5kod i Python fixar vi\n\n\n<\/p><\/div> <div  data-type=\"column\" class=\"col-padding-small col-padding-small-xs read-more-container\"><a class=\"read-more\" href=\"https:\/\/abundo.se\/consulting\" target=\"_self\" data-cp-link=\"1\" rel=\"noopener noreferrer\">learn more<\/a><\/div> <\/div><\/div> <\/div><\/div> <\/div><div  id=\"content-13\" style=\"background-color: #ffffff;\" data-label=\"Content\" data-id=\"content-2\" data-export-id=\"content-2\" data-category=\"content\" class=\"content-2 content-section content-section-spacing\"><div> <div  class=\"row middle-xs\"><div  class=\"col-sm-5 bg-image shadow-large-black\" data-bg=\"image\"><\/div> <div  class=\"col-sm-7 full-col-left-padding full-col-right-padding\"> <div  class=\"row\"> <div  data-type=\"column\" class=\"space-bottom-small content-title-col\"> <h5  class=\"\">CASE STUDY<\/h5> <h2  class=\"\">Pite Energi, Integration av st\u00f6dsystem<\/h2> <p  class=\"\">F\u00f6r att f\u00f6renkla hanteringen av routrar, switchar, fysiska och virtuella maskiner har flera st\u00f6dsystem integrerats. Nu n\u00e4r device skapas\/\u00e4ndras\/tas bort i ex.vis BECS\/Netbox, kommer automatiskt \u00f6vervakningen Librenms\/Icinga uppdateras, Oxidized konfigurationsbackup uppdateras, samt DNS med fram och bakl\u00e4ngsesuppslagning.<\/p><\/div> <\/div> <div  class=\"row spaced-cols \" data-type=\"row\"> <div  class=\"col-xs-6\" data-type=\"column\"> <h5  class=\"\">Enkelhet<\/h5> <p  class=\"\">Inga konfigurationsfiler beh\u00f6ver uppdateras, eller tj\u00e4nster startas om. Allt arbete kan g\u00f6ras i webbgr\u00e4nssnitt<\/p><\/div> <div  class=\"col-xs-6\" data-type=\"column\"><h5  class=\"\">Mindre risk f\u00f6r fel<\/h5> <p  class=\"\">Systemen \u00e4r alltid uppdaterade, nya enheter gl\u00f6ms inte bort, och inga gamla ligger kvar o skr\u00e4par n\u00e4r de raderats<\/p><\/div><div  class=\"col-xs-6\" data-type=\"column\"><h5  class=\"\">Teknik<\/h5> <p  class=\"\">Apache2, django, python, rabbitmq \u00e4r n\u00e5gra av teknikerna som detta \u00e4r byggt med<\/p><\/div><div  class=\"col-xs-6\" data-type=\"column\"><h5  class=\"\">Open source<\/h5> <p  class=\"\">Koden \u00e4r open source och ligger p\u00e5 GitHub<\/p><\/div>   <\/div><\/div> <\/div><\/div> <\/div><div  id=\"content-14\" style=\"background-color: #f5fafd;\" data-label=\"Content\" data-id=\"content-3\" data-export-id=\"content-3\" data-category=\"content\" class=\"content-3 content-section content-section-spacing\"><div> <div  class=\"row middle-xs\"><div  class=\"col-sm-7 full-col-left-padding full-col-right-padding\"> <div  class=\"row\"><div  data-type=\"column\" class=\"space-bottom-small content-title-col\"> <h5  class=\"\">CASE STUDY<\/h5> <h2  class=\"\">Lunet, konfigurationsverktyg f\u00f6r switchar och routrar<\/h2> <p  class=\"\">Lunet, stadsn\u00e4tet i Lule\u00e5 skulle uppgradera sitt n\u00e4tverk, f\u00f6r att bla kunna erbjuda gigabit tj\u00e4nster till hemmen. Ungef\u00e4r 1400 access-switchar skulle bytas.\n<br \/>F\u00f6r att f\u00f6renkla detta skrev Abundo ett managementverktyg kallat Cometes som Integrerar mot NetAdmin, skapar konfigurationsfiler baserat p\u00e5 information i databaser och auto-konfigurerar access-switchar och delar av distributionsswitchar.<\/p><\/div> <\/div> <div  class=\"row spaced-cols\" data-type=\"row\"> <div  class=\"col-xs-6\" data-type=\"column\"> <h5  class=\"\">Enkelhet<\/h5> <p  class=\"\">Access-switchar kunde tas direkt fr\u00e5n lagret och skruvas upp. Vid start h\u00e4mtar de konfiguration fr\u00e5n n\u00e4tet. Detta sparar massvis med tid d\u00e5 de inte beh\u00f6ver f\u00f6rkonfigureras<\/p><\/div> <div  class=\"col-xs-6\" data-type=\"column\"><h5  class=\"\">Integration<\/h5> <p  class=\"\">Cometes integrerar mot DNS och \u00d6vervakning, alla nya access-switchar l\u00e4ggs automatiskt upp i dessa.<\/p><\/div> <div  class=\"col-xs-6\" data-type=\"column\"><h5  class=\"\">Korrekt<\/h5> <p  class=\"\">Alla access-switchar och delar av distributionsroutrar f\u00e5r alltid korrekt konfiguration. Den m\u00e4nskliga faktorn \u00e4r i princip bortplockad<\/p><\/div> <div  class=\"col-xs-6\" data-type=\"column\"><h5  class=\"\">Open Source<\/h5> <p  class=\"\">Cometes kommer under 2021 sl\u00e4ppas som Open Source. Koden h\u00e5ller p\u00e5 o justeras s\u00e5 den blir mer generell.<\/p><\/div> <\/div><\/div> <div  class=\"col-sm-5 bg-image shadow-large-black revert-classes-holder\" data-bg=\"image\" style=\"background-image: url(&quot;https:\/\/abundo.se\/wp-content\/uploads\/2018\/02\/cropped-people-cv-1.jpg&quot;);\"><\/div><\/div> <\/div><\/div><div  id=\"latest-news-1\" style=\"background-color: #f5fafd;\" data-label=\"Latest-news\" data-id=\"blog-section\" data-export-id=\"blog-section\" data-category=\"latest_news\" class=\"blog-section blog-section-standard content-section content-section-spacing\"><div  class=\"gridContainer\"> <div  class=\"row\"><div  data-type=\"column\" class=\"section-title-col\"> <h2  class=\"\">Senaste nyheterna<\/h2> <\/div> <\/div> <div  class=\"row\"> <div  data-type=\"row\" data-dynamic-columns=\"handled\" data-content-shortcode=\"mesmerize_latest_news columns=&quot;4&quot; \">\t\t<div class=\"row center-sm content-left-sm\">\n\t\t\t\t\t<div id=\"post-1269\" class=\"col-sm-6 col-md-4 space-bottom space-bottom-xs\">\n\t\t\t\t<div class=\"post-content card y-move bordered\">\n\t\t\t\t\t<div class=\"post-thumbnail\">\n   <a href=\"https:\/\/abundo.se\/en\/2024\/08\/25\/bought-an-arista-7280tr-on-ebay\/\" class=\"post-list-item-thumb \">\n      \n            <svg class=\"mesmerize-post-list-item-thumb-placeholder\" width=\"890\" height=\"580\" viewBox=\"0 0 890 580\"\n         preserveAspectRatio=\"none\">\n         <rect width=\"890\" height=\"580\" style=\"fill:#03a9f4;\"><\/rect>\n      <\/svg>\n               <\/a>\n<\/div>\n\t\t\t\t\t<div class=\"col-padding col-padding-xs\">\n\t\t\t\t\t\t<h3 class=\"post-title space-bottom-small\">\n\t\t\t\t\t\t\t<a href=\"https:\/\/abundo.se\/en\/2024\/08\/25\/bought-an-arista-7280tr-on-ebay\/\" rel=\"bookmark\">\n\t\t\t\t\t\t\t\tBought an Arista 7280TR on Ebay\t\t\t\t\t\t\t<\/a>\n\t\t\t\t\t\t<\/h3>\n\t\t\t\t\t\t<p>Summary: It works, one issue: the rack mount kit shipped only includes the part that attaches to the device. The part that mounts to the rack itself is missing. I[&hellip;]<\/p>\n\t\t\t\t\t\t<a class=\"read-more link\" href=\"https:\/\/abundo.se\/en\/2024\/08\/25\/bought-an-arista-7280tr-on-ebay\/\">\n\t\t\t\t\t\t\tRead more\t\t\t\t\t\t<\/a>\n\t\t\t\t\t<\/div>\n\t\t\t\t<\/div>\n\t\t\t<\/div>\n\t\t\t\t\t\t<div id=\"post-1167\" class=\"col-sm-6 col-md-4 space-bottom space-bottom-xs\">\n\t\t\t\t<div class=\"post-content card y-move bordered\">\n\t\t\t\t\t<div class=\"post-thumbnail\">\n   <a href=\"https:\/\/abundo.se\/en\/2020\/11\/11\/dns-flag-day-2020\/\" class=\"post-list-item-thumb \">\n      \n            <svg class=\"mesmerize-post-list-item-thumb-placeholder\" width=\"890\" height=\"580\" viewBox=\"0 0 890 580\"\n         preserveAspectRatio=\"none\">\n         <rect width=\"890\" height=\"580\" style=\"fill:#03a9f4;\"><\/rect>\n      <\/svg>\n               <\/a>\n<\/div>\n\t\t\t\t\t<div class=\"col-padding col-padding-xs\">\n\t\t\t\t\t\t<h3 class=\"post-title space-bottom-small\">\n\t\t\t\t\t\t\t<a href=\"https:\/\/abundo.se\/en\/2020\/11\/11\/dns-flag-day-2020\/\" rel=\"bookmark\">\n\t\t\t\t\t\t\t\tDNS Flag Day 2020\t\t\t\t\t\t\t<\/a>\n\t\t\t\t\t\t<\/h3>\n\t\t\t\t\t\t<p>DNS anv\u00e4nder normalt UDP, och g\u00e5r \u00f6ver till TCP om paketen blir f\u00f6r stora. Tidigare rekommendationer var att anv\u00e4nda UDP paket upp till 4096 bytes, f\u00f6r att sen g\u00e5 \u00f6ver[&hellip;]<\/p>\n\t\t\t\t\t\t<a class=\"read-more link\" href=\"https:\/\/abundo.se\/en\/2020\/11\/11\/dns-flag-day-2020\/\">\n\t\t\t\t\t\t\tRead more\t\t\t\t\t\t<\/a>\n\t\t\t\t\t<\/div>\n\t\t\t\t<\/div>\n\t\t\t<\/div>\n\t\t\t\t\t\t<div id=\"post-639\" class=\"col-sm-6 col-md-4 space-bottom space-bottom-xs\">\n\t\t\t\t<div class=\"post-content card y-move bordered\">\n\t\t\t\t\t<div class=\"post-thumbnail\">\n   <a href=\"https:\/\/abundo.se\/en\/2018\/12\/16\/abundo-officiell-contributor-i-librenms\/\" class=\"post-list-item-thumb \">\n      \n            <svg class=\"mesmerize-post-list-item-thumb-placeholder\" width=\"890\" height=\"580\" viewBox=\"0 0 890 580\"\n         preserveAspectRatio=\"none\">\n         <rect width=\"890\" height=\"580\" style=\"fill:#03a9f4;\"><\/rect>\n      <\/svg>\n               <\/a>\n<\/div>\n\t\t\t\t\t<div class=\"col-padding col-padding-xs\">\n\t\t\t\t\t\t<h3 class=\"post-title space-bottom-small\">\n\t\t\t\t\t\t\t<a href=\"https:\/\/abundo.se\/en\/2018\/12\/16\/abundo-officiell-contributor-i-librenms\/\" rel=\"bookmark\">\n\t\t\t\t\t\t\t\tAbundo bidrar officiellt till Librenms\t\t\t\t\t\t\t<\/a>\n\t\t\t\t\t\t<\/h3>\n\t\t\t\t\t\t<p>Abundo bidrar nu officiellt till open source projektet Librenms. Abundo har gjort buggfixar och lagt in st\u00f6d f\u00f6r alla Waystream produkter (f.d PacketFront). Alla Waystream produkter visas med korrekt logga,[&hellip;]<\/p>\n\t\t\t\t\t\t<a class=\"read-more link\" href=\"https:\/\/abundo.se\/en\/2018\/12\/16\/abundo-officiell-contributor-i-librenms\/\">\n\t\t\t\t\t\t\tRead more\t\t\t\t\t\t<\/a>\n\t\t\t\t\t<\/div>\n\t\t\t\t<\/div>\n\t\t\t<\/div>\n\t\t\t\t<\/div>\n\t<\/div><\/div> <div  class=\"row\"><div  class=\"text-center\"> <a  class=\"button color1\" data-attr-shortcode=\"href:mesmerize_blog_link\" href=\"https:\/\/abundo.se\/en\/blog\/\">Se alla Nyheter\/Inl\u00e4gg<\/a><\/div> <\/div><\/div><\/div>","protected":false},"excerpt":{"rendered":"<p>Tj\u00e4nster Vi har flera olika typer av tj\u00e4nster. Se menyn Tj\u00e4nster ovan f\u00f6r detaljer Referenser Vi har en l\u00e5ng lista p\u00e5 n\u00f6jda kunder. N\u00e5gra av dem finns samlade under referenser Support \u00c4r du existerande kund och beh\u00f6ver hj\u00e4lp. Maila eller anv\u00e4nd v\u00e5rat \u00e4rendehanteringssystem N\u00e5gra saker vi \u00e4r bra p\u00e5 N\u00e4tverk Abundo \u00e4r mycket erfarna och&hellip; <br \/> <a class=\"read-more\" href=\"https:\/\/abundo.se\/en\/2018\/12\/16\/abundo-officiell-contributor-i-librenms\/\">Read more<\/a><\/p>","protected":false},"author":2,"featured_media":0,"parent":0,"menu_order":0,"comment_status":"closed","ping_status":"closed","template":"page-templates\/homepage.php","meta":{"footnotes":""},"class_list":["post-1072","page","type-page","status-publish","hentry"],"_links":{"self":[{"href":"https:\/\/abundo.se\/en\/wp-json\/wp\/v2\/pages\/1072","targetHints":{"allow":["GET"]}}],"collection":[{"href":"https:\/\/abundo.se\/en\/wp-json\/wp\/v2\/pages"}],"about":[{"href":"https:\/\/abundo.se\/en\/wp-json\/wp\/v2\/types\/page"}],"author":[{"embeddable":true,"href":"https:\/\/abundo.se\/en\/wp-json\/wp\/v2\/users\/2"}],"replies":[{"embeddable":true,"href":"https:\/\/abundo.se\/en\/wp-json\/wp\/v2\/comments?post=1072"}],"version-history":[{"count":34,"href":"https:\/\/abundo.se\/en\/wp-json\/wp\/v2\/pages\/1072\/revisions"}],"predecessor-version":[{"id":1198,"href":"https:\/\/abundo.se\/en\/wp-json\/wp\/v2\/pages\/1072\/revisions\/1198"}],"wp:attachment":[{"href":"https:\/\/abundo.se\/en\/wp-json\/wp\/v2\/media?parent=1072"}],"curies":[{"name":"wp","href":"https:\/\/api.w.org\/{rel}","templated":true}]}}