{"id":1116,"date":"2020-10-14T02:32:04","date_gmt":"2020-10-14T00:32:04","guid":{"rendered":"https:\/\/abundo.se\/?page_id=1116"},"modified":"2020-12-06T23:12:13","modified_gmt":"2020-12-06T22:12:13","slug":"support","status":"publish","type":"page","link":"https:\/\/abundo.se\/en\/support\/","title":{"rendered":"Support"},"content":{"rendered":"<p>If you are an existing customer and need help, send an email or register a case in our case management system.<\/p>\n\n\n\n<p>If you send an email, a case will automatically be created.<\/p>\n\n\n\n<div class=\"wp-block-buttons is-layout-flex wp-block-buttons-is-layout-flex\">\n<div class=\"wp-block-button\"><a class=\"wp-block-button__link\" href=\"https:\/\/support.abundo.se\/\" target=\"_blank\" rel=\"noreferrer noopener\">\u00c4rendehanteringssystem<\/a><\/div>\n\n\n\n<div class=\"wp-block-button\"><a class=\"wp-block-button__link\" href=\"mailto:&#x73;&#x75;&#x70;&#x70;&#x6f;&#x72;&#x74;&#x40;&#x61;&#x62;&#x75;&#x6e;&#x64;&#x6f;&#x2e;&#x73;&#x65;\">Skicka mail<\/a><\/div>\n<\/div>\n\n\n\n\n\n<p><\/p>","protected":false},"excerpt":{"rendered":"<p>Om du \u00e4r en existerande kund och beh\u00f6ver hj\u00e4lp, skicka ett mail eller registrera ett \u00e4rende i v\u00e5rat \u00e4rendehanteringssystem. Om du skickar ett mail, kommer ett \u00e4rende automatiskt skapas<\/p>","protected":false},"author":2,"featured_media":0,"parent":0,"menu_order":0,"comment_status":"closed","ping_status":"closed","template":"","meta":{"footnotes":""},"class_list":["post-1116","page","type-page","status-publish","hentry"],"_links":{"self":[{"href":"https:\/\/abundo.se\/en\/wp-json\/wp\/v2\/pages\/1116","targetHints":{"allow":["GET"]}}],"collection":[{"href":"https:\/\/abundo.se\/en\/wp-json\/wp\/v2\/pages"}],"about":[{"href":"https:\/\/abundo.se\/en\/wp-json\/wp\/v2\/types\/page"}],"author":[{"embeddable":true,"href":"https:\/\/abundo.se\/en\/wp-json\/wp\/v2\/users\/2"}],"replies":[{"embeddable":true,"href":"https:\/\/abundo.se\/en\/wp-json\/wp\/v2\/comments?post=1116"}],"version-history":[{"count":8,"href":"https:\/\/abundo.se\/en\/wp-json\/wp\/v2\/pages\/1116\/revisions"}],"predecessor-version":[{"id":1174,"href":"https:\/\/abundo.se\/en\/wp-json\/wp\/v2\/pages\/1116\/revisions\/1174"}],"wp:attachment":[{"href":"https:\/\/abundo.se\/en\/wp-json\/wp\/v2\/media?parent=1116"}],"curies":[{"name":"wp","href":"https:\/\/api.w.org\/{rel}","templated":true}]}}