{"id":215,"date":"2012-10-19T22:17:26","date_gmt":"2012-10-19T20:17:26","guid":{"rendered":"http:\/\/abundo.se\/?page_id=215-old"},"modified":"2020-10-14T01:55:52","modified_gmt":"2020-10-13T23:55:52","slug":"abundo-labs","status":"publish","type":"page","link":"https:\/\/abundo.se\/en\/abundo-labs\/","title":{"rendered":"Labs"},"content":{"rendered":"<p>Abundo Labs jobbar med att ta fram programvara och verktyg som l\u00f6ser problem hos kunder mm.<\/p>\n\n\n\n<p>De flesta av dem finns tillg\u00e4ngliga som open source.<\/p>\n\n\n\n<p>Hemsida f\u00f6r alla projekt ligger hos Gihub <a rel=\"noreferrer noopener\" href=\"https:\/\/github.com\/abundo\" target=\"_blank\">L\u00e4nk<\/a><\/p>\n\n\n\n<p>N\u00e5gra urvalda projekt:<\/p>\n\n\n\n<p><strong>Dnsmgr<\/strong><\/p>\n\n\n\n<p>Ett verktyg f\u00f6r att enkelt generera bind DNS konfiguration, inklusive IPv4 och IPv6 bakl\u00e4ngesuppslagning. L\u00e4s mer <a rel=\"noreferrer noopener\" href=\"https:\/\/github.com\/lowinger42\/dnsmgr\" target=\"_blank\">here<\/a>.<\/p>\n\n\n\n<p><strong>Ergotime<\/strong><\/p>\n\n\n\n<p>H\u00e5ller reda p\u00e5 arbetad tid hos olika kunder och projekt. Client-Server med offline l\u00e4ge. Servern kan generera rapporter som kan anv\u00e4ndas f\u00f6r fakturering.<\/p>\n\n\n\n<p>Abundo anv\u00e4nder sj\u00e4lv detta system<\/p>\n\n\n\n<p><\/p>","protected":false},"excerpt":{"rendered":"<p>Abundo Labs jobbar med att ta fram programvara och verktyg som l\u00f6ser problem hos kunder mm. De flesta av dem finns tillg\u00e4ngliga som open source. Hemsida f\u00f6r alla projekt ligger hos Gihub L\u00e4nk N\u00e5gra urvalda projekt: Dnsmgr Ett verktyg f\u00f6r att enkelt generera bind DNS konfiguration, inklusive IPv4 och IPv6 bakl\u00e4ngesuppslagning. L\u00e4s mer h\u00e4r. Ergotime&hellip; <br \/> <a class=\"read-more\" href=\"https:\/\/abundo.se\/en\/abundo-labs\/\">Read more<\/a><\/p>","protected":false},"author":2,"featured_media":0,"parent":0,"menu_order":0,"comment_status":"closed","ping_status":"closed","template":"","meta":{"footnotes":""},"class_list":["post-215","page","type-page","status-publish","hentry"],"_links":{"self":[{"href":"https:\/\/abundo.se\/en\/wp-json\/wp\/v2\/pages\/215","targetHints":{"allow":["GET"]}}],"collection":[{"href":"https:\/\/abundo.se\/en\/wp-json\/wp\/v2\/pages"}],"about":[{"href":"https:\/\/abundo.se\/en\/wp-json\/wp\/v2\/types\/page"}],"author":[{"embeddable":true,"href":"https:\/\/abundo.se\/en\/wp-json\/wp\/v2\/users\/2"}],"replies":[{"embeddable":true,"href":"https:\/\/abundo.se\/en\/wp-json\/wp\/v2\/comments?post=215"}],"version-history":[{"count":16,"href":"https:\/\/abundo.se\/en\/wp-json\/wp\/v2\/pages\/215\/revisions"}],"predecessor-version":[{"id":1095,"href":"https:\/\/abundo.se\/en\/wp-json\/wp\/v2\/pages\/215\/revisions\/1095"}],"wp:attachment":[{"href":"https:\/\/abundo.se\/en\/wp-json\/wp\/v2\/media?parent=215"}],"curies":[{"name":"wp","href":"https:\/\/api.w.org\/{rel}","templated":true}]}}