{"id":25,"date":"2011-12-29T21:20:57","date_gmt":"2011-12-29T20:20:57","guid":{"rendered":"http:\/\/www.abundo.se\/?page_id=25-old"},"modified":"2025-07-09T15:50:05","modified_gmt":"2025-07-09T13:50:05","slug":"anstallda","status":"publish","type":"page","link":"https:\/\/abundo.se\/en\/foretaget\/anstallda\/","title":{"rendered":"Anst\u00e4llda"},"content":{"rendered":"<div class=\"wp-block-media-text alignwide is-stacked-on-mobile is-vertically-aligned-center\"><figure class=\"wp-block-media-text__media\"><img loading=\"lazy\" decoding=\"async\" width=\"841\" height=\"1024\" src=\"https:\/\/abundo.se\/wp-content\/uploads\/2011\/12\/anders.lowinger-841x1024.jpg\" alt=\"\" class=\"wp-image-528 size-full\" srcset=\"https:\/\/abundo.se\/wp-content\/uploads\/2011\/12\/anders.lowinger-841x1024.jpg 841w, https:\/\/abundo.se\/wp-content\/uploads\/2011\/12\/anders.lowinger-246x300.jpg 246w, https:\/\/abundo.se\/wp-content\/uploads\/2011\/12\/anders.lowinger-768x935.jpg 768w, https:\/\/abundo.se\/wp-content\/uploads\/2011\/12\/anders.lowinger.jpg 886w\" sizes=\"auto, (max-width: 841px) 100vw, 841px\" \/><\/figure><div class=\"wp-block-media-text__content\">\n<p><strong>Anders L\u00f6winger&nbsp;<\/strong>\u00e4r grundare till Abundo och har jobbat med Internet sedan tidigt 90-tal.Han har l\u00e5ng erfarenhet av bland annat DNS, IPv6, Routing, Switching och Stadsn\u00e4t. Anders har jobbat med n\u00e4tdesign och utbyggnad, produktutveckling, programmering och tekniskt s\u00e4ljst\u00f6d p\u00e5 f\u00f6retag som IBM, Tele2, Cisco, Xelerated och PacketFront. Anders kontaktas p\u00e5 <a href=\"mailto:&#x61;&#x6e;&#x64;&#x65;&#x72;&#x73;&#x40;&#x61;&#x62;&#x75;&#x6e;&#x64;&#x6f;&#x2e;&#x73;&#x65;\">&#x61;&#x6e;&#x64;&#x65;&#x72;&#x73;&#x40;<span class=\"oe_displaynone\">null<\/span>&#x61;&#x62;&#x75;&#x6e;&#x64;&#x6f;&#x2e;&#x73;&#x65;<\/a> eller +46 72 206 0322<\/p>\n\n\n\n<p><\/p>\n<\/div><\/div>\n\n\n\n<p><\/p>\n\n\n\n<div class=\"wp-block-media-text is-stacked-on-mobile\"><figure class=\"wp-block-media-text__media\"><img loading=\"lazy\" decoding=\"async\" width=\"1024\" height=\"1024\" src=\"https:\/\/abundo.se\/wp-content\/uploads\/2025\/07\/picture-later.png\" alt=\"\" class=\"wp-image-1297 size-full\" srcset=\"https:\/\/abundo.se\/wp-content\/uploads\/2025\/07\/picture-later.png 1024w, https:\/\/abundo.se\/wp-content\/uploads\/2025\/07\/picture-later-300x300.png 300w, https:\/\/abundo.se\/wp-content\/uploads\/2025\/07\/picture-later-150x150.png 150w\" sizes=\"auto, (max-width: 1024px) 100vw, 1024px\" \/><\/figure><div class=\"wp-block-media-text__content\">\n<p>Robert L\u00f6winger \u00e4r en erfaren programmerare, o jobbar fr\u00e4mst med Python. <\/p>\n\n\n\n<p>Robert kontaktas p\u00e5 &#x72;&#x6f;&#x62;&#x65;&#x72;&#x74;&#x40;<span class=\"oe_displaynone\">null<\/span>&#x61;&#x62;&#x75;&#x6e;&#x64;&#x6f;&#x2e;&#x73;&#x65; eller +46 72 152 4216<\/p>\n\n\n\n<p><\/p>\n<\/div><\/div>\n\n\n\n<p>Abundo har samarbetspartners och underkonsulter som kan tas in vid behov, om ytterligare resurser beh\u00f6vs.<\/p>","protected":false},"excerpt":{"rendered":"<p>Anders L\u00f6winger&nbsp;\u00e4r grundare till Abundo och har jobbat med Internet sedan tidigt 90-tal.Han har l\u00e5ng erfarenhet av bland annat DNS, IPv6, Routing, Switching och Stadsn\u00e4t. Anders har jobbat med n\u00e4tdesign och utbyggnad, produktutveckling, programmering och tekniskt s\u00e4ljst\u00f6d p\u00e5 f\u00f6retag som IBM, Tele2, Cisco, Xelerated och PacketFront. Anders kontaktas p\u00e5 &#x61;&#x6e;&#x64;&#x65;&#x72;&#x73;&#x40;null&#x61;&#x62;&#x75;&#x6e;&#x64;&#x6f;&#x2e;&#x73;&#x65; eller +46 72 206 0322&hellip; <br \/> <a class=\"read-more\" href=\"https:\/\/abundo.se\/en\/foretaget\/anstallda\/\">Read more<\/a><\/p>","protected":false},"author":2,"featured_media":0,"parent":15,"menu_order":0,"comment_status":"closed","ping_status":"closed","template":"","meta":{"footnotes":""},"class_list":["post-25","page","type-page","status-publish","hentry"],"_links":{"self":[{"href":"https:\/\/abundo.se\/en\/wp-json\/wp\/v2\/pages\/25","targetHints":{"allow":["GET"]}}],"collection":[{"href":"https:\/\/abundo.se\/en\/wp-json\/wp\/v2\/pages"}],"about":[{"href":"https:\/\/abundo.se\/en\/wp-json\/wp\/v2\/types\/page"}],"author":[{"embeddable":true,"href":"https:\/\/abundo.se\/en\/wp-json\/wp\/v2\/users\/2"}],"replies":[{"embeddable":true,"href":"https:\/\/abundo.se\/en\/wp-json\/wp\/v2\/comments?post=25"}],"version-history":[{"count":41,"href":"https:\/\/abundo.se\/en\/wp-json\/wp\/v2\/pages\/25\/revisions"}],"predecessor-version":[{"id":1298,"href":"https:\/\/abundo.se\/en\/wp-json\/wp\/v2\/pages\/25\/revisions\/1298"}],"up":[{"embeddable":true,"href":"https:\/\/abundo.se\/en\/wp-json\/wp\/v2\/pages\/15"}],"wp:attachment":[{"href":"https:\/\/abundo.se\/en\/wp-json\/wp\/v2\/media?parent=25"}],"curies":[{"name":"wp","href":"https:\/\/api.w.org\/{rel}","templated":true}]}}