{"id":617,"date":"2018-05-29T22:51:52","date_gmt":"2018-05-29T20:51:52","guid":{"rendered":"https:\/\/abundo.se\/?page_id=617-old"},"modified":"2020-08-11T23:38:40","modified_gmt":"2020-08-11T21:38:40","slug":"valkommen","status":"publish","type":"page","link":"https:\/\/abundo.se\/en\/valkommen\/","title":{"rendered":"Welcome"},"content":{"rendered":"<p>Note: English translations is being worked on.<\/p>\n\n\n\n<p><span style=\"font-size: 12pt;\">Abundo AB is a company with satisfied customers and multiple successfully executed projects<\/span><\/p>\n\n\n\n<p><span style=\"font-size: 12pt;\">We keep track on the latest development and trends. You can always be confident that you get the best available help.<\/span><\/p>\n\n\n\n<p>We can help you with<\/p>\n\n\n\n<p><strong>Services<\/strong><\/p>\n\n\n\n<ul class=\"wp-block-list\"><li>DNS - Fully redundant DNS service with DNSSEC, IPv6, Anycast etc. Read more here <a href=\"https:\/\/abundo.se\/en\/tjanster\/dns\/\">L\u00e4nk<\/a><\/li><\/ul>\n\n\n\n<p><strong>Consulting<\/strong><\/p>\n\n\n\n<ul class=\"wp-block-list\"><li><span style=\"font-size: 12pt;\"> Network design, advanced troubleshooting and diagnostics<\/span><\/li><li><span style=\"font-size: 12pt;\">System administration, with automation using Ansible or Puppet<\/span><\/li><li><span style=\"font-size: 12pt;\">Software development, everything from management systems to low level coding in embedded systems<\/span><\/li><li>DNS, DNSSEC<\/li><li>IPv6<\/li><\/ul>\n\n\n\n<p>Read more here <a href=\"https:\/\/abundo.se\/en\/consulting\/\">L\u00e4nk<\/a><\/p>\n\n\n\n<p><strong>References<\/strong><\/p>\n\n\n\n<p>ome of our customers can be seen under <span style=\"font-size: 12pt;\"><a style=\"line-height: 19px;\" title=\"References\" href=\"\/en\/?page_id=13\">References<\/a><\/span><\/p>","protected":false},"excerpt":{"rendered":"<p>Note: English translations is being worked on. Abundo AB \u00e4r ett f\u00f6retag med n\u00f6jda kunder och m\u00e5nga framg\u00e5ngsrikt genomf\u00f6rda projekt. Vi h\u00e5ller koll p\u00e5 senaste utvecklingen och trender s\u00e5 du som kund alltid kan vara s\u00e4ker p\u00e5 att f\u00e5 b\u00e4sta m\u00f6jliga hj\u00e4lp. Vi kan hj\u00e4lpa dig med: Tj\u00e4nster DNS &#8211; Fullt redundant DNS tj\u00e4nst med&hellip; <br \/> <a class=\"read-more\" href=\"https:\/\/abundo.se\/en\/valkommen\/\">Read more<\/a><\/p>","protected":false},"author":2,"featured_media":0,"parent":0,"menu_order":0,"comment_status":"closed","ping_status":"closed","template":"","meta":{"footnotes":""},"class_list":["post-617","page","type-page","status-publish","hentry"],"_links":{"self":[{"href":"https:\/\/abundo.se\/en\/wp-json\/wp\/v2\/pages\/617","targetHints":{"allow":["GET"]}}],"collection":[{"href":"https:\/\/abundo.se\/en\/wp-json\/wp\/v2\/pages"}],"about":[{"href":"https:\/\/abundo.se\/en\/wp-json\/wp\/v2\/types\/page"}],"author":[{"embeddable":true,"href":"https:\/\/abundo.se\/en\/wp-json\/wp\/v2\/users\/2"}],"replies":[{"embeddable":true,"href":"https:\/\/abundo.se\/en\/wp-json\/wp\/v2\/comments?post=617"}],"version-history":[{"count":48,"href":"https:\/\/abundo.se\/en\/wp-json\/wp\/v2\/pages\/617\/revisions"}],"predecessor-version":[{"id":1018,"href":"https:\/\/abundo.se\/en\/wp-json\/wp\/v2\/pages\/617\/revisions\/1018"}],"wp:attachment":[{"href":"https:\/\/abundo.se\/en\/wp-json\/wp\/v2\/media?parent=617"}],"curies":[{"name":"wp","href":"https:\/\/api.w.org\/{rel}","templated":true}]}}