{"id":750,"date":"2019-08-22T01:27:31","date_gmt":"2019-08-21T23:27:31","guid":{"rendered":"https:\/\/abundo.se\/?page_id=750-old"},"modified":"2025-06-05T01:29:22","modified_gmt":"2025-06-04T23:29:22","slug":"dns","status":"publish","type":"page","link":"https:\/\/abundo.se\/en\/tjanster\/dns\/","title":{"rendered":"AbundoDNS"},"content":{"rendered":"<p>Abundo kan leverera en l\u00e4ttanv\u00e4nd DNS tj\u00e4nst som uppfyller h\u00f6gsta krav p\u00e5 funktion och tillg\u00e4nglighet. <\/p>\n\n\n\n<p>Tj\u00e4nsten \u00e4r prim\u00e4rt inriktad p\u00e5 f\u00f6retag, f\u00f6r kunder i hela v\u00e4rlden. Den har dessutom direktkoppling mot lokala regionn\u00e4tet i Norrbotten, och passar d\u00e4rf\u00f6r extra bra f\u00f6r kunder i Norr.<\/p>\n\n\n\n<p>Tj\u00e4nsten inneh\u00e5ller de senaste funktionerna och standarder, inklusive DNSSEC, IPv6, EDNS, Response Rate Limiting (f\u00f6rhindrar DNS DoS attacker), h\u00f6g tillg\u00e4nglighet och mycket mer.<\/p>\n\n\n\n<p>Alla dom\u00e4ner i AbundoDNS \u00f6vervakas kontinuerligt f\u00f6r att s\u00e4kerst\u00e4lla att de alltid fungerar.<\/p>\n\n\n\n<p>V\u00e4lj tj\u00e4nstetyp<\/p>\n\n\n\n<ul class=\"wp-block-list\">\n<li>Prim\u00e4r DNS\n<ul class=\"wp-block-list\">\n<li>AbundoDNS k\u00f6r alla servrar \u00e5t dig<\/li>\n<\/ul>\n<\/li>\n\n\n\n<li>Sekund\u00e4r DNS\n<ul class=\"wp-block-list\">\n<li>Du har egna prim\u00e4ra servrar och Abundo \u00f6kar tj\u00e4nsteniv\u00e5n och redundansen genom kopior av din DNS<\/li>\n<\/ul>\n<\/li>\n<\/ul>\n\n\n\n<p>V\u00e4lj SLA<\/p>\n\n\n\n<ul class=\"wp-block-list\">\n<li>Gemensamt f\u00f6r alla SLAer\n<ul class=\"wp-block-list\">\n<li>2 st Abundo servrar, minst en placerad i Norrbotten med direktanslutning till IT Norrbottens Polarix tj\u00e4nst<\/li>\n<\/ul>\n<\/li>\n\n\n\n<li>Premium\n<ul class=\"wp-block-list\">\n<li>\u00d6ver 80 st Anycast servrar placerade \u00f6ver hela v\u00e4rlden. Se bild l\u00e4ngre ner<\/li>\n\n\n\n<li>Ger den en av de h\u00f6gsta skydden mot DoS attacker mot din DNS<\/li>\n\n\n\n<li>Denna tj\u00e4nst g\u00f6r att en kopia av din dom\u00e4n\/zon finns hos Netnod i Lule\u00e5, och p\u00e5 den lokala knutpunkten d\u00e4r<\/li>\n<\/ul>\n<\/li>\n\n\n\n<li>Standard\n<ul class=\"wp-block-list\">\n<li>11 st DnsNode anycast servrar, och 1 DnsNode unicast server<\/li>\n\n\n\n<li>Anycast servrar placerade i Bryssel, Helsingfors, London, Riga, Reykjavik, Stockholm, G\u00f6teborg, Malm\u00f6<\/li>\n<\/ul>\n<\/li>\n<\/ul>\n\n\n\n<p>V\u00e4lj hur DNS data ska uppdateras, om Prim\u00e4r DNS \u00e4r vald.<\/p>\n\n\n\n<ul class=\"wp-block-list\">\n<li>Managed\n<ul class=\"wp-block-list\">\n<li>Du h\u00f6r av dig med mail eller g\u00e5r in p\u00e5 supportportalen o skapar \u00e4rende<\/li>\n\n\n\n<li>Abundo utf\u00f6r \u00e4ndringen<\/li>\n\n\n\n<li>Alla \u00e4ndringar sp\u00e5ras med \u00e4rendenr<\/li>\n\n\n\n<li>Abundo granskar innan \u00e4ndringar inf\u00f6rs att de ser vettiga ut och inte kolliderar\/st\u00f6r n\u00e5got som redan finns i dom\u00e4nen<\/li>\n<\/ul>\n<\/li>\n\n\n\n<li>Sj\u00e4lvservice\n<ul class=\"wp-block-list\">\n<li>Denna tj\u00e4nst \u00e4r under utarbetning, ber\u00e4knas komma i Q3 2025<\/li>\n\n\n\n<li>Du g\u00f6r sj\u00e4lv \u00e4ndringar i din dom\u00e4n via Abundo portal<\/li>\n<\/ul>\n<\/li>\n<\/ul>\n\n\n\n<p>Villkor, sammandrag:<\/p>\n\n\n\n<ul class=\"wp-block-list\">\n<li>Fakturering i f\u00f6rskott m\u00e5nadsvis. Vill ni ha andra alternativ kontakta oss<\/li>\n\n\n\n<li>E-faktura via PDF eller EDI<\/li>\n\n\n\n<li>Inga bindningstide \u00c4r du inte n\u00f6jd av n\u00e5gon orsak ska du inte vara inl\u00e5st och kan genast avsluta tj\u00e4nsten<\/li>\n<\/ul>\n\n\n\n<p>Premiumtj\u00e4nsten har Anycast DNS servrar p\u00e5 f\u00f6ljande platser<\/p>\n\n\n\n<figure class=\"wp-block-image size-full\"><a href=\"https:\/\/abundo.se\/wp-content\/uploads\/2024\/12\/image.png\"><img loading=\"lazy\" decoding=\"async\" width=\"867\" height=\"425\" src=\"https:\/\/abundo.se\/wp-content\/uploads\/2024\/12\/image.png\" alt=\"\" class=\"wp-image-1284\" srcset=\"https:\/\/abundo.se\/wp-content\/uploads\/2024\/12\/image.png 867w, https:\/\/abundo.se\/wp-content\/uploads\/2024\/12\/image-300x147.png 300w, https:\/\/abundo.se\/wp-content\/uploads\/2024\/12\/image-768x376.png 768w, https:\/\/abundo.se\/wp-content\/uploads\/2024\/12\/image-18x9.png 18w\" sizes=\"auto, (max-width: 867px) 100vw, 867px\" \/><\/a><\/figure>\n\n\n\n<p><\/p>","protected":false},"excerpt":{"rendered":"<p>Abundo kan leverera en l\u00e4ttanv\u00e4nd DNS tj\u00e4nst som uppfyller h\u00f6gsta krav p\u00e5 funktion och tillg\u00e4nglighet. Tj\u00e4nsten \u00e4r prim\u00e4rt inriktad p\u00e5 f\u00f6retag, f\u00f6r kunder i hela v\u00e4rlden. Den har dessutom direktkoppling mot lokala regionn\u00e4tet i Norrbotten, och passar d\u00e4rf\u00f6r extra bra f\u00f6r kunder i Norr. Tj\u00e4nsten inneh\u00e5ller de senaste funktionerna och standarder, inklusive DNSSEC, IPv6, EDNS,&hellip; <br \/> <a class=\"read-more\" href=\"https:\/\/abundo.se\/en\/tjanster\/dns\/\">Read more<\/a><\/p>","protected":false},"author":2,"featured_media":0,"parent":753,"menu_order":0,"comment_status":"closed","ping_status":"closed","template":"","meta":{"footnotes":""},"class_list":["post-750","page","type-page","status-publish","hentry"],"_links":{"self":[{"href":"https:\/\/abundo.se\/en\/wp-json\/wp\/v2\/pages\/750","targetHints":{"allow":["GET"]}}],"collection":[{"href":"https:\/\/abundo.se\/en\/wp-json\/wp\/v2\/pages"}],"about":[{"href":"https:\/\/abundo.se\/en\/wp-json\/wp\/v2\/types\/page"}],"author":[{"embeddable":true,"href":"https:\/\/abundo.se\/en\/wp-json\/wp\/v2\/users\/2"}],"replies":[{"embeddable":true,"href":"https:\/\/abundo.se\/en\/wp-json\/wp\/v2\/comments?post=750"}],"version-history":[{"count":24,"href":"https:\/\/abundo.se\/en\/wp-json\/wp\/v2\/pages\/750\/revisions"}],"predecessor-version":[{"id":1294,"href":"https:\/\/abundo.se\/en\/wp-json\/wp\/v2\/pages\/750\/revisions\/1294"}],"up":[{"embeddable":true,"href":"https:\/\/abundo.se\/en\/wp-json\/wp\/v2\/pages\/753"}],"wp:attachment":[{"href":"https:\/\/abundo.se\/en\/wp-json\/wp\/v2\/media?parent=750"}],"curies":[{"name":"wp","href":"https:\/\/api.w.org\/{rel}","templated":true}]}}