{"id":80,"date":"2011-12-30T01:48:46","date_gmt":"2011-12-30T00:48:46","guid":{"rendered":"http:\/\/www.abundo.se\/?page_id=80-old"},"modified":"2023-04-10T00:25:39","modified_gmt":"2023-04-09T22:25:39","slug":"consulting","status":"publish","type":"page","link":"https:\/\/abundo.se\/en\/consulting\/","title":{"rendered":"Konsulttj\u00e4nster"},"content":{"rendered":"<p>Abundo's competence and knowledge is very broad. What we can help with includes, among other things:<\/p>\n\n\n\n<p><strong>Project Management<\/strong><\/p>\n\n\n\n<ul class=\"wp-block-list\">\n<li>Development of hardware and software<\/li>\n\n\n\n<li>Implementation of new functions, protocols, software versions, etc.<\/li>\n\n\n\n<li>PROPS, Agile development\/SCRUM, Product Owner, Scrum Master.<\/li>\n<\/ul>\n\n\n\n<p><strong>Requirements management<\/strong><\/p>\n\n\n\n<ul class=\"wp-block-list\">\n<li>Collection, management, follow-up<\/li>\n<\/ul>\n\n\n\n<p><strong>Strategic issues<\/strong><\/p>\n\n\n\n<p><strong>Networks, broadband networks<\/strong><\/p>\n\n\n\n<ul class=\"wp-block-list\">\n<li>Broadband networks, communication operators, service providers<\/li>\n\n\n\n<li>(Internet) Service Providers<\/li>\n\n\n\n<li>Design, architecture<\/li>\n\n\n\n<li>Deployment, configuration, troubleshooting<\/li>\n<\/ul>\n\n\n\n<p><strong>Education<\/strong><\/p>\n\n\n\n<ul class=\"wp-block-list\">\n<li>IPv6, routing, configuration of routers and switches.<\/li>\n<\/ul>\n\n\n\n<p><strong>Development\/programming<\/strong><\/p>\n\n\n\n<p>We have worked with many different programming languages, tools, and platforms. A small selection:<\/p>\n\n\n\n<ul class=\"wp-block-list\">\n<li>Java, C#, C, C++, PHP, Python<\/li>\n\n\n\n<li>Tomcat, web2py, ASP.net<\/li>\n\n\n\n<li>MySQL, PostgreSQL, MSSQL<\/li>\n\n\n\n<li>Eclipse, Netbeans<\/li>\n\n\n\n<li>json, rpc, soap\/xml, ldap, radius<\/li>\n<\/ul>\n\n\n\n<p><strong>Web design<\/strong><\/p>\n\n\n\n<ul class=\"wp-block-list\">\n<li>Flash, WordPress<\/li>\n<\/ul>\n\n\n\n<p><strong>IT<\/strong><\/p>\n\n\n\n<ul class=\"wp-block-list\">\n<li>Windows 7\/10\/11, Server 2016\/2019\/2022<\/li>\n\n\n\n<li>Virtualisering: VmWare, Proxmox, KVM<\/li>\n\n\n\n<li>Storage: NAS, SAS<\/li>\n\n\n\n<li>Linux, Ubuntu, Debian, Redhat, Fedora<\/li>\n\n\n\n<li>etc<\/li>\n<\/ul>\n\n\n\n<p><\/p>","protected":false},"excerpt":{"rendered":"<p>Abundo&#8217;s kompetens och kunskap \u00e4r mycket brett. Det vi kan hj\u00e4lpa till med \u00e4r bland annat Projektledning Kravhantering Strategifr\u00e5gor N\u00e4tverk, stadsn\u00e4t Utbildning Utveckling\/programmering. Vi har jobbat med m\u00e5nga olika programspr\u00e5k, verktyg och plattformar. Ett litet axplock: Webdesign IT<\/p>","protected":false},"author":2,"featured_media":0,"parent":0,"menu_order":0,"comment_status":"closed","ping_status":"closed","template":"","meta":{"footnotes":""},"class_list":["post-80","page","type-page","status-publish","hentry"],"_links":{"self":[{"href":"https:\/\/abundo.se\/en\/wp-json\/wp\/v2\/pages\/80","targetHints":{"allow":["GET"]}}],"collection":[{"href":"https:\/\/abundo.se\/en\/wp-json\/wp\/v2\/pages"}],"about":[{"href":"https:\/\/abundo.se\/en\/wp-json\/wp\/v2\/types\/page"}],"author":[{"embeddable":true,"href":"https:\/\/abundo.se\/en\/wp-json\/wp\/v2\/users\/2"}],"replies":[{"embeddable":true,"href":"https:\/\/abundo.se\/en\/wp-json\/wp\/v2\/comments?post=80"}],"version-history":[{"count":13,"href":"https:\/\/abundo.se\/en\/wp-json\/wp\/v2\/pages\/80\/revisions"}],"predecessor-version":[{"id":1200,"href":"https:\/\/abundo.se\/en\/wp-json\/wp\/v2\/pages\/80\/revisions\/1200"}],"wp:attachment":[{"href":"https:\/\/abundo.se\/en\/wp-json\/wp\/v2\/media?parent=80"}],"curies":[{"name":"wp","href":"https:\/\/api.w.org\/{rel}","templated":true}]}}